{"id":46,"date":"2021-06-12T12:49:42","date_gmt":"2021-06-12T10:49:42","guid":{"rendered":"http:\/\/www.aepa64.asso.fr\/aepa\/?page_id=46"},"modified":"2021-06-12T12:49:47","modified_gmt":"2021-06-12T10:49:47","slug":"adhesion-a-lassociation","status":"publish","type":"page","link":"https:\/\/www.aepa64.org\/?page_id=46","title":{"rendered":"Adh\u00e9sion \u00e0 l&#8217;association"},"content":{"rendered":"\n<p>Fiche d&#8217;inscription \u00e0 accompagner de votre r\u00e8glement par ch\u00e8que \u00e0 l&#8217;ordre de l&#8217;A\u00c9PA \u00e0 :<br>Olivier Deville<br>C\u00f4tevi\u00e8re<br>43110 Aurec sur Loire<\/p>\n\n\n<div class=\"wpforms-container wpforms-container-full wpforms-block\" id=\"wpforms-45\"><form id=\"wpforms-form-45\" class=\"wpforms-validate wpforms-form\" data-formid=\"45\" method=\"post\" enctype=\"multipart\/form-data\" action=\"\/index.php?rest_route=%2Fwp%2Fv2%2Fpages%2F46\" data-token=\"f8ce845d251288ccf832c66222f55fa8\" data-token-time=\"1777903306\"><noscript class=\"wpforms-error-noscript\">Veuillez activer JavaScript dans votre navigateur pour remplir ce formulaire.<\/noscript><div class=\"wpforms-field-container\"><div id=\"wpforms-45-field_2-container\" class=\"wpforms-field wpforms-field-name\" data-field-id=\"2\"><label class=\"wpforms-field-label\">Votre identit\u00e9 <span class=\"wpforms-required-label\">*<\/span><\/label><div class=\"wpforms-field-row wpforms-field-medium\"><div class=\"wpforms-field-row-block wpforms-first wpforms-one-half\"><input type=\"text\" id=\"wpforms-45-field_2\" class=\"wpforms-field-name-first wpforms-field-required\" name=\"wpforms[fields][2][first]\" required><label for=\"wpforms-45-field_2\" class=\"wpforms-field-sublabel after\">Pr\u00e9nom<\/label><\/div><div class=\"wpforms-field-row-block wpforms-one-half\"><input type=\"text\" id=\"wpforms-45-field_2-last\" class=\"wpforms-field-name-last wpforms-field-required\" name=\"wpforms[fields][2][last]\" required><label for=\"wpforms-45-field_2-last\" class=\"wpforms-field-sublabel after\">Nom<\/label><\/div><\/div><\/div><div id=\"wpforms-45-field_5-container\" class=\"wpforms-field wpforms-field-text\" data-field-id=\"5\"><label class=\"wpforms-field-label\" for=\"wpforms-45-field_5\">Votre adresse <span class=\"wpforms-required-label\">*<\/span><\/label><input type=\"text\" id=\"wpforms-45-field_5\" class=\"wpforms-field-medium wpforms-field-required\" name=\"wpforms[fields][5]\" required><\/div><div id=\"wpforms-45-field_6-container\" class=\"wpforms-field wpforms-field-number\" data-field-id=\"6\"><label class=\"wpforms-field-label\" for=\"wpforms-45-field_6\">Code Postal <span class=\"wpforms-required-label\">*<\/span><\/label><input type=\"number\" id=\"wpforms-45-field_6\" class=\"wpforms-field-medium wpforms-field-required\" name=\"wpforms[fields][6]\" step=\"any\" required><\/div><div id=\"wpforms-45-field_1-container\" class=\"wpforms-field wpforms-field-text\" data-field-id=\"1\"><label class=\"wpforms-field-label\" for=\"wpforms-45-field_1\">Ville <span class=\"wpforms-required-label\">*<\/span><\/label><input type=\"text\" id=\"wpforms-45-field_1\" class=\"wpforms-field-medium wpforms-field-required\" name=\"wpforms[fields][1]\" required><\/div><div id=\"wpforms-45-field_10-container\" class=\"wpforms-field wpforms-field-text\" data-field-id=\"10\"><label class=\"wpforms-field-label\" for=\"wpforms-45-field_10\">Date de naissance <span class=\"wpforms-required-label\">*<\/span><\/label><input type=\"text\" id=\"wpforms-45-field_10\" class=\"wpforms-field-medium wpforms-field-required\" name=\"wpforms[fields][10]\" required><\/div><div id=\"wpforms-45-field_3-container\" class=\"wpforms-field wpforms-field-email\" data-field-id=\"3\"><label class=\"wpforms-field-label\" for=\"wpforms-45-field_3\">E-mail <span class=\"wpforms-required-label\">*<\/span><\/label><input type=\"email\" id=\"wpforms-45-field_3\" class=\"wpforms-field-medium wpforms-field-required\" name=\"wpforms[fields][3]\" spellcheck=\"false\" required><\/div><div id=\"wpforms-45-field_9-container\" class=\"wpforms-field wpforms-field-text\" data-field-id=\"9\"><label class=\"wpforms-field-label\" for=\"wpforms-45-field_9\">T\u00e9l\u00e9phone fixe<\/label><input type=\"text\" id=\"wpforms-45-field_9\" class=\"wpforms-field-medium\" name=\"wpforms[fields][9]\" ><\/div><div id=\"wpforms-45-field_8-container\" class=\"wpforms-field wpforms-field-text\" data-field-id=\"8\"><label class=\"wpforms-field-label\" for=\"wpforms-45-field_8\">T\u00e9l\u00e9phone portable<\/label><input type=\"text\" id=\"wpforms-45-field_8\" class=\"wpforms-field-medium\" name=\"wpforms[fields][8]\" ><\/div><div id=\"wpforms-45-field_7-container\" class=\"wpforms-field wpforms-field-text\" data-field-id=\"7\"><label class=\"wpforms-field-label\" for=\"wpforms-45-field_7\">Identifiant Skype<\/label><input type=\"text\" id=\"wpforms-45-field_7\" class=\"wpforms-field-medium\" name=\"wpforms[fields][7]\" ><\/div><div id=\"wpforms-45-field_11-container\" class=\"wpforms-field wpforms-field-textarea\" data-field-id=\"11\"><label class=\"wpforms-field-label\" for=\"wpforms-45-field_11\">Commentaire \u00e9ventuel<\/label><textarea id=\"wpforms-45-field_11\" class=\"wpforms-field-medium\" name=\"wpforms[fields][11]\" ><\/textarea><\/div><\/div><!-- .wpforms-field-container --><div class=\"wpforms-submit-container\" ><input type=\"hidden\" name=\"wpforms[id]\" value=\"45\"><input type=\"hidden\" name=\"page_title\" value=\"\"><input type=\"hidden\" name=\"page_url\" value=\"https:\/\/www.aepa64.org\/index.php?rest_route=\/wp\/v2\/pages\/46\"><input type=\"hidden\" name=\"url_referer\" value=\"\"><button type=\"submit\" name=\"wpforms[submit]\" id=\"wpforms-submit-45\" class=\"wpforms-submit\" data-alt-text=\"Envoi...\" data-submit-text=\"Envoyer\" aria-live=\"assertive\" value=\"wpforms-submit\">Envoyer<\/button><\/div><\/form><\/div>  <!-- .wpforms-container -->","protected":false},"excerpt":{"rendered":"<p>Fiche d&#8217;inscription \u00e0 accompagner de votre r\u00e8glement par ch\u00e8que \u00e0 l&#8217;ordre de l&#8217;A\u00c9PA \u00e0 :Olivier DevilleC\u00f4tevi\u00e8re43110 Aurec sur Loire<\/p>\n","protected":false},"author":1,"featured_media":0,"parent":0,"menu_order":0,"comment_status":"closed","ping_status":"closed","template":"","meta":{"footnotes":""},"class_list":["post-46","page","type-page","status-publish"],"yoast_head":"<!-- This site is optimized with the Yoast SEO plugin v26.9 - https:\/\/yoast.com\/product\/yoast-seo-wordpress\/ -->\n<title>Adh\u00e9sion \u00e0 l&#039;association - www.aepa64.org<\/title>\n<meta name=\"robots\" content=\"index, follow, max-snippet:-1, max-image-preview:large, max-video-preview:-1\" \/>\n<link rel=\"canonical\" href=\"https:\/\/www.aepa64.org\/?page_id=46\" \/>\n<meta property=\"og:locale\" content=\"fr_FR\" \/>\n<meta property=\"og:type\" content=\"article\" \/>\n<meta property=\"og:title\" content=\"Adh\u00e9sion \u00e0 l&#039;association - www.aepa64.org\" \/>\n<meta property=\"og:description\" content=\"Fiche d&#8217;inscription \u00e0 accompagner de votre r\u00e8glement par ch\u00e8que \u00e0 l&#8217;ordre de l&#8217;A\u00c9PA \u00e0 :Olivier DevilleC\u00f4tevi\u00e8re43110 Aurec sur Loire\" \/>\n<meta property=\"og:url\" content=\"https:\/\/www.aepa64.org\/?page_id=46\" \/>\n<meta property=\"og:site_name\" content=\"www.aepa64.org\" \/>\n<meta property=\"article:modified_time\" content=\"2021-06-12T10:49:47+00:00\" \/>\n<meta name=\"twitter:card\" content=\"summary_large_image\" \/>\n<meta name=\"twitter:label1\" content=\"Dur\u00e9e de lecture estim\u00e9e\" \/>\n\t<meta name=\"twitter:data1\" content=\"1 minute\" \/>\n<script type=\"application\/ld+json\" class=\"yoast-schema-graph\">{\"@context\":\"https:\/\/schema.org\",\"@graph\":[{\"@type\":\"WebPage\",\"@id\":\"https:\/\/www.aepa64.org\/?page_id=46\",\"url\":\"https:\/\/www.aepa64.org\/?page_id=46\",\"name\":\"Adh\u00e9sion \u00e0 l'association - www.aepa64.org\",\"isPartOf\":{\"@id\":\"https:\/\/www.aepa64.org\/#website\"},\"datePublished\":\"2021-06-12T10:49:42+00:00\",\"dateModified\":\"2021-06-12T10:49:47+00:00\",\"breadcrumb\":{\"@id\":\"https:\/\/www.aepa64.org\/?page_id=46#breadcrumb\"},\"inLanguage\":\"fr-FR\",\"potentialAction\":[{\"@type\":\"ReadAction\",\"target\":[\"https:\/\/www.aepa64.org\/?page_id=46\"]}]},{\"@type\":\"BreadcrumbList\",\"@id\":\"https:\/\/www.aepa64.org\/?page_id=46#breadcrumb\",\"itemListElement\":[{\"@type\":\"ListItem\",\"position\":1,\"name\":\"Accueil\",\"item\":\"https:\/\/www.aepa64.org\/\"},{\"@type\":\"ListItem\",\"position\":2,\"name\":\"Adh\u00e9sion \u00e0 l&#8217;association\"}]},{\"@type\":\"WebSite\",\"@id\":\"https:\/\/www.aepa64.org\/#website\",\"url\":\"https:\/\/www.aepa64.org\/\",\"name\":\"www.aepa64.org\",\"description\":\"Le site de l&#039;Association \u00c9chiqu\u00e9enne Pour les Aveugles\",\"publisher\":{\"@id\":\"https:\/\/www.aepa64.org\/#organization\"},\"potentialAction\":[{\"@type\":\"SearchAction\",\"target\":{\"@type\":\"EntryPoint\",\"urlTemplate\":\"https:\/\/www.aepa64.org\/?s={search_term_string}\"},\"query-input\":{\"@type\":\"PropertyValueSpecification\",\"valueRequired\":true,\"valueName\":\"search_term_string\"}}],\"inLanguage\":\"fr-FR\"},{\"@type\":\"Organization\",\"@id\":\"https:\/\/www.aepa64.org\/#organization\",\"name\":\"www.aepa64.org\",\"url\":\"https:\/\/www.aepa64.org\/\",\"logo\":{\"@type\":\"ImageObject\",\"inLanguage\":\"fr-FR\",\"@id\":\"https:\/\/www.aepa64.org\/#\/schema\/logo\/image\/\",\"url\":\"https:\/\/www.aepa64.org\/wp-content\/uploads\/2022\/01\/cropped-2s_28kops.jpg\",\"contentUrl\":\"https:\/\/www.aepa64.org\/wp-content\/uploads\/2022\/01\/cropped-2s_28kops.jpg\",\"width\":291,\"height\":255,\"caption\":\"www.aepa64.org\"},\"image\":{\"@id\":\"https:\/\/www.aepa64.org\/#\/schema\/logo\/image\/\"}}]}<\/script>\n<!-- \/ Yoast SEO plugin. -->","yoast_head_json":{"title":"Adh\u00e9sion \u00e0 l'association - www.aepa64.org","robots":{"index":"index","follow":"follow","max-snippet":"max-snippet:-1","max-image-preview":"max-image-preview:large","max-video-preview":"max-video-preview:-1"},"canonical":"https:\/\/www.aepa64.org\/?page_id=46","og_locale":"fr_FR","og_type":"article","og_title":"Adh\u00e9sion \u00e0 l'association - www.aepa64.org","og_description":"Fiche d&#8217;inscription \u00e0 accompagner de votre r\u00e8glement par ch\u00e8que \u00e0 l&#8217;ordre de l&#8217;A\u00c9PA \u00e0 :Olivier DevilleC\u00f4tevi\u00e8re43110 Aurec sur Loire","og_url":"https:\/\/www.aepa64.org\/?page_id=46","og_site_name":"www.aepa64.org","article_modified_time":"2021-06-12T10:49:47+00:00","twitter_card":"summary_large_image","twitter_misc":{"Dur\u00e9e de lecture estim\u00e9e":"1 minute"},"schema":{"@context":"https:\/\/schema.org","@graph":[{"@type":"WebPage","@id":"https:\/\/www.aepa64.org\/?page_id=46","url":"https:\/\/www.aepa64.org\/?page_id=46","name":"Adh\u00e9sion \u00e0 l'association - www.aepa64.org","isPartOf":{"@id":"https:\/\/www.aepa64.org\/#website"},"datePublished":"2021-06-12T10:49:42+00:00","dateModified":"2021-06-12T10:49:47+00:00","breadcrumb":{"@id":"https:\/\/www.aepa64.org\/?page_id=46#breadcrumb"},"inLanguage":"fr-FR","potentialAction":[{"@type":"ReadAction","target":["https:\/\/www.aepa64.org\/?page_id=46"]}]},{"@type":"BreadcrumbList","@id":"https:\/\/www.aepa64.org\/?page_id=46#breadcrumb","itemListElement":[{"@type":"ListItem","position":1,"name":"Accueil","item":"https:\/\/www.aepa64.org\/"},{"@type":"ListItem","position":2,"name":"Adh\u00e9sion \u00e0 l&#8217;association"}]},{"@type":"WebSite","@id":"https:\/\/www.aepa64.org\/#website","url":"https:\/\/www.aepa64.org\/","name":"www.aepa64.org","description":"Le site de l&#039;Association \u00c9chiqu\u00e9enne Pour les Aveugles","publisher":{"@id":"https:\/\/www.aepa64.org\/#organization"},"potentialAction":[{"@type":"SearchAction","target":{"@type":"EntryPoint","urlTemplate":"https:\/\/www.aepa64.org\/?s={search_term_string}"},"query-input":{"@type":"PropertyValueSpecification","valueRequired":true,"valueName":"search_term_string"}}],"inLanguage":"fr-FR"},{"@type":"Organization","@id":"https:\/\/www.aepa64.org\/#organization","name":"www.aepa64.org","url":"https:\/\/www.aepa64.org\/","logo":{"@type":"ImageObject","inLanguage":"fr-FR","@id":"https:\/\/www.aepa64.org\/#\/schema\/logo\/image\/","url":"https:\/\/www.aepa64.org\/wp-content\/uploads\/2022\/01\/cropped-2s_28kops.jpg","contentUrl":"https:\/\/www.aepa64.org\/wp-content\/uploads\/2022\/01\/cropped-2s_28kops.jpg","width":291,"height":255,"caption":"www.aepa64.org"},"image":{"@id":"https:\/\/www.aepa64.org\/#\/schema\/logo\/image\/"}}]}},"_links":{"self":[{"href":"https:\/\/www.aepa64.org\/index.php?rest_route=\/wp\/v2\/pages\/46","targetHints":{"allow":["GET"]}}],"collection":[{"href":"https:\/\/www.aepa64.org\/index.php?rest_route=\/wp\/v2\/pages"}],"about":[{"href":"https:\/\/www.aepa64.org\/index.php?rest_route=\/wp\/v2\/types\/page"}],"author":[{"embeddable":true,"href":"https:\/\/www.aepa64.org\/index.php?rest_route=\/wp\/v2\/users\/1"}],"replies":[{"embeddable":true,"href":"https:\/\/www.aepa64.org\/index.php?rest_route=%2Fwp%2Fv2%2Fcomments&post=46"}],"version-history":[{"count":0,"href":"https:\/\/www.aepa64.org\/index.php?rest_route=\/wp\/v2\/pages\/46\/revisions"}],"wp:attachment":[{"href":"https:\/\/www.aepa64.org\/index.php?rest_route=%2Fwp%2Fv2%2Fmedia&parent=46"}],"curies":[{"name":"wp","href":"https:\/\/api.w.org\/{rel}","templated":true}]}}