{"id":63,"date":"2021-06-12T14:33:32","date_gmt":"2021-06-12T12:33:32","guid":{"rendered":"http:\/\/www.aepa64.asso.fr\/aepa\/?page_id=63"},"modified":"2021-09-03T12:29:52","modified_gmt":"2021-09-03T10:29:52","slug":"catalogue-douvrages-en-vente","status":"publish","type":"page","link":"https:\/\/www.aepa64.org\/?page_id=63","title":{"rendered":"Catalogue d&#8217;ouvrages en vente"},"content":{"rendered":"\n<p>Les cours propos\u00e9s par Dominique Deprez, disponibles sur le site de l\u2019association, sont maintenant disponibles sur un CD au format MP3, au prix de <strong>5,00 euros<\/strong>.<\/p>\n\n\n\n<p>&nbsp; <\/p>\n\n\n\n<p>Le guide des ouvertures 1 (parties dites ouvertes) et le guide des ouvertures 2 (dites ferm\u00e9es), qui existaient en braille, sont maintenant disponibles en version nu\u00e9riqube, au format doc ou txt au prix de 5 euros l\u2019unit\u00e9.<\/p>\n\n\n\n<p><\/p>\n\n\n\n<p><\/p>\n\n\n\n<p>&nbsp; Je vous rappelle que vous avez toujours \u00e0 votre disposition la possibilit\u00e9 d\u2019acheter pour <strong>5,00<\/strong> euros le livre, les titres suivants au format MP3:<\/p>\n\n\n\n<div class=\"wp-block-group\"><div class=\"wp-block-group__inner-container is-layout-flow wp-block-group-is-layout-flow\">\n<div class=\"wp-block-group\"><div class=\"wp-block-group__inner-container is-layout-flow wp-block-group-is-layout-flow\">\n<div class=\"wp-block-group\"><div class=\"wp-block-group__inner-container is-layout-flow wp-block-group-is-layout-flow\">\n<ul class=\"wp-block-list\"><li>&nbsp;&nbsp;&#8211;Bent Larsen: Les coups de ma\u00eetre aux \u00c9checs.<\/li><\/ul>\n\n\n\n<p><\/p>\n<\/div><\/div>\n\n\n\n<p><\/p>\n<\/div><\/div>\n<\/div><\/div>\n\n\n\n<p><\/p>\n\n\n\n<p><\/p>\n\n\n\n<p>Pour cela adresser votre commande et votre r\u00e8glement au tr\u00e9sorier <\/p>\n\n\n\n<p><strong> &#8211; Deville Olivier, C\u00f4tevi\u00e8re, 43110 Aurec-sur-Loire &#8212; France<\/strong><\/p>\n\n\n\n<p>en pr\u00e9cisant bien la liste des livres souhait\u00e9s, et en mettant bien votre ch\u00e8que \u00e0 l\u2019ordre de l\u2019A\u00c9PA<\/p>\n\n\n<p><!-- \/wp:post-content --><\/p>","protected":false},"excerpt":{"rendered":"<p>Les cours propos\u00e9s par Dominique Deprez, disponibles sur le site de l\u2019association, sont maintenant disponibles sur un CD au format MP3, au prix de 5,00 euros. &nbsp; Le guide des ouvertures 1 (parties dites ouvertes) et le guide des ouvertures 2 (dites ferm\u00e9es), qui existaient en braille, sont maintenant disponibles en version nu\u00e9riqube, au format &#8230; <a title=\"Catalogue d&#8217;ouvrages en vente\" class=\"read-more\" href=\"https:\/\/www.aepa64.org\/?page_id=63\" aria-label=\"En savoir plus sur Catalogue d&#8217;ouvrages en vente\">Lire la suite<\/a><\/p>\n","protected":false},"author":1,"featured_media":0,"parent":0,"menu_order":0,"comment_status":"closed","ping_status":"closed","template":"","meta":{"footnotes":""},"class_list":["post-63","page","type-page","status-publish"],"yoast_head":"<!-- This site is optimized with the Yoast SEO plugin v26.9 - https:\/\/yoast.com\/product\/yoast-seo-wordpress\/ -->\n<title>Catalogue d&#039;ouvrages en vente - www.aepa64.org<\/title>\n<meta name=\"robots\" content=\"index, follow, max-snippet:-1, max-image-preview:large, max-video-preview:-1\" \/>\n<link rel=\"canonical\" href=\"https:\/\/www.aepa64.org\/?page_id=63\" \/>\n<meta property=\"og:locale\" content=\"fr_FR\" \/>\n<meta property=\"og:type\" content=\"article\" \/>\n<meta property=\"og:title\" content=\"Catalogue d&#039;ouvrages en vente - www.aepa64.org\" \/>\n<meta property=\"og:description\" content=\"Les cours propos\u00e9s par Dominique Deprez, disponibles sur le site de l\u2019association, sont maintenant disponibles sur un CD au format MP3, au prix de 5,00 euros. &nbsp; Le guide des ouvertures 1 (parties dites ouvertes) et le guide des ouvertures 2 (dites ferm\u00e9es), qui existaient en braille, sont maintenant disponibles en version nu\u00e9riqube, au format ... Lire la suite\" \/>\n<meta property=\"og:url\" content=\"https:\/\/www.aepa64.org\/?page_id=63\" \/>\n<meta property=\"og:site_name\" content=\"www.aepa64.org\" \/>\n<meta property=\"article:modified_time\" content=\"2021-09-03T10:29:52+00:00\" \/>\n<meta name=\"twitter:card\" content=\"summary_large_image\" \/>\n<meta name=\"twitter:label1\" content=\"Dur\u00e9e de lecture estim\u00e9e\" \/>\n\t<meta name=\"twitter:data1\" content=\"1 minute\" \/>\n<script type=\"application\/ld+json\" class=\"yoast-schema-graph\">{\"@context\":\"https:\/\/schema.org\",\"@graph\":[{\"@type\":\"WebPage\",\"@id\":\"https:\/\/www.aepa64.org\/?page_id=63\",\"url\":\"https:\/\/www.aepa64.org\/?page_id=63\",\"name\":\"Catalogue d'ouvrages en vente - www.aepa64.org\",\"isPartOf\":{\"@id\":\"https:\/\/www.aepa64.org\/#website\"},\"datePublished\":\"2021-06-12T12:33:32+00:00\",\"dateModified\":\"2021-09-03T10:29:52+00:00\",\"breadcrumb\":{\"@id\":\"https:\/\/www.aepa64.org\/?page_id=63#breadcrumb\"},\"inLanguage\":\"fr-FR\",\"potentialAction\":[{\"@type\":\"ReadAction\",\"target\":[\"https:\/\/www.aepa64.org\/?page_id=63\"]}]},{\"@type\":\"BreadcrumbList\",\"@id\":\"https:\/\/www.aepa64.org\/?page_id=63#breadcrumb\",\"itemListElement\":[{\"@type\":\"ListItem\",\"position\":1,\"name\":\"Accueil\",\"item\":\"https:\/\/www.aepa64.org\/\"},{\"@type\":\"ListItem\",\"position\":2,\"name\":\"Catalogue d&#8217;ouvrages en vente\"}]},{\"@type\":\"WebSite\",\"@id\":\"https:\/\/www.aepa64.org\/#website\",\"url\":\"https:\/\/www.aepa64.org\/\",\"name\":\"www.aepa64.org\",\"description\":\"Le site de l&#039;Association \u00c9chiqu\u00e9enne Pour les Aveugles\",\"publisher\":{\"@id\":\"https:\/\/www.aepa64.org\/#organization\"},\"potentialAction\":[{\"@type\":\"SearchAction\",\"target\":{\"@type\":\"EntryPoint\",\"urlTemplate\":\"https:\/\/www.aepa64.org\/?s={search_term_string}\"},\"query-input\":{\"@type\":\"PropertyValueSpecification\",\"valueRequired\":true,\"valueName\":\"search_term_string\"}}],\"inLanguage\":\"fr-FR\"},{\"@type\":\"Organization\",\"@id\":\"https:\/\/www.aepa64.org\/#organization\",\"name\":\"www.aepa64.org\",\"url\":\"https:\/\/www.aepa64.org\/\",\"logo\":{\"@type\":\"ImageObject\",\"inLanguage\":\"fr-FR\",\"@id\":\"https:\/\/www.aepa64.org\/#\/schema\/logo\/image\/\",\"url\":\"https:\/\/www.aepa64.org\/wp-content\/uploads\/2022\/01\/cropped-2s_28kops.jpg\",\"contentUrl\":\"https:\/\/www.aepa64.org\/wp-content\/uploads\/2022\/01\/cropped-2s_28kops.jpg\",\"width\":291,\"height\":255,\"caption\":\"www.aepa64.org\"},\"image\":{\"@id\":\"https:\/\/www.aepa64.org\/#\/schema\/logo\/image\/\"}}]}<\/script>\n<!-- \/ Yoast SEO plugin. -->","yoast_head_json":{"title":"Catalogue d'ouvrages en vente - www.aepa64.org","robots":{"index":"index","follow":"follow","max-snippet":"max-snippet:-1","max-image-preview":"max-image-preview:large","max-video-preview":"max-video-preview:-1"},"canonical":"https:\/\/www.aepa64.org\/?page_id=63","og_locale":"fr_FR","og_type":"article","og_title":"Catalogue d'ouvrages en vente - www.aepa64.org","og_description":"Les cours propos\u00e9s par Dominique Deprez, disponibles sur le site de l\u2019association, sont maintenant disponibles sur un CD au format MP3, au prix de 5,00 euros. &nbsp; Le guide des ouvertures 1 (parties dites ouvertes) et le guide des ouvertures 2 (dites ferm\u00e9es), qui existaient en braille, sont maintenant disponibles en version nu\u00e9riqube, au format ... Lire la suite","og_url":"https:\/\/www.aepa64.org\/?page_id=63","og_site_name":"www.aepa64.org","article_modified_time":"2021-09-03T10:29:52+00:00","twitter_card":"summary_large_image","twitter_misc":{"Dur\u00e9e de lecture estim\u00e9e":"1 minute"},"schema":{"@context":"https:\/\/schema.org","@graph":[{"@type":"WebPage","@id":"https:\/\/www.aepa64.org\/?page_id=63","url":"https:\/\/www.aepa64.org\/?page_id=63","name":"Catalogue d'ouvrages en vente - www.aepa64.org","isPartOf":{"@id":"https:\/\/www.aepa64.org\/#website"},"datePublished":"2021-06-12T12:33:32+00:00","dateModified":"2021-09-03T10:29:52+00:00","breadcrumb":{"@id":"https:\/\/www.aepa64.org\/?page_id=63#breadcrumb"},"inLanguage":"fr-FR","potentialAction":[{"@type":"ReadAction","target":["https:\/\/www.aepa64.org\/?page_id=63"]}]},{"@type":"BreadcrumbList","@id":"https:\/\/www.aepa64.org\/?page_id=63#breadcrumb","itemListElement":[{"@type":"ListItem","position":1,"name":"Accueil","item":"https:\/\/www.aepa64.org\/"},{"@type":"ListItem","position":2,"name":"Catalogue d&#8217;ouvrages en vente"}]},{"@type":"WebSite","@id":"https:\/\/www.aepa64.org\/#website","url":"https:\/\/www.aepa64.org\/","name":"www.aepa64.org","description":"Le site de l&#039;Association \u00c9chiqu\u00e9enne Pour les Aveugles","publisher":{"@id":"https:\/\/www.aepa64.org\/#organization"},"potentialAction":[{"@type":"SearchAction","target":{"@type":"EntryPoint","urlTemplate":"https:\/\/www.aepa64.org\/?s={search_term_string}"},"query-input":{"@type":"PropertyValueSpecification","valueRequired":true,"valueName":"search_term_string"}}],"inLanguage":"fr-FR"},{"@type":"Organization","@id":"https:\/\/www.aepa64.org\/#organization","name":"www.aepa64.org","url":"https:\/\/www.aepa64.org\/","logo":{"@type":"ImageObject","inLanguage":"fr-FR","@id":"https:\/\/www.aepa64.org\/#\/schema\/logo\/image\/","url":"https:\/\/www.aepa64.org\/wp-content\/uploads\/2022\/01\/cropped-2s_28kops.jpg","contentUrl":"https:\/\/www.aepa64.org\/wp-content\/uploads\/2022\/01\/cropped-2s_28kops.jpg","width":291,"height":255,"caption":"www.aepa64.org"},"image":{"@id":"https:\/\/www.aepa64.org\/#\/schema\/logo\/image\/"}}]}},"_links":{"self":[{"href":"https:\/\/www.aepa64.org\/index.php?rest_route=\/wp\/v2\/pages\/63","targetHints":{"allow":["GET"]}}],"collection":[{"href":"https:\/\/www.aepa64.org\/index.php?rest_route=\/wp\/v2\/pages"}],"about":[{"href":"https:\/\/www.aepa64.org\/index.php?rest_route=\/wp\/v2\/types\/page"}],"author":[{"embeddable":true,"href":"https:\/\/www.aepa64.org\/index.php?rest_route=\/wp\/v2\/users\/1"}],"replies":[{"embeddable":true,"href":"https:\/\/www.aepa64.org\/index.php?rest_route=%2Fwp%2Fv2%2Fcomments&post=63"}],"version-history":[{"count":0,"href":"https:\/\/www.aepa64.org\/index.php?rest_route=\/wp\/v2\/pages\/63\/revisions"}],"wp:attachment":[{"href":"https:\/\/www.aepa64.org\/index.php?rest_route=%2Fwp%2Fv2%2Fmedia&parent=63"}],"curies":[{"name":"wp","href":"https:\/\/api.w.org\/{rel}","templated":true}]}}